{"id":1180,"date":"2026-01-25T08:44:46","date_gmt":"2026-01-25T07:44:46","guid":{"rendered":"https:\/\/marseillenapoli.com\/?page_id=1180"},"modified":"2026-01-25T08:49:30","modified_gmt":"2026-01-25T07:49:30","slug":"page-dacceuil-it","status":"publish","type":"page","link":"https:\/\/marseillenapoli.com\/?page_id=1180","title":{"rendered":"PAGE DACCEUIL IT"},"content":{"rendered":"\t\t<div data-elementor-type=\"wp-page\" data-elementor-id=\"1180\" class=\"elementor elementor-1180\">\n\t\t\t\t<div class=\"elementor-element elementor-element-0fd2e08 e-grid e-con-boxed e-con e-parent\" data-id=\"0fd2e08\" data-element_type=\"container\" data-settings=\"{&quot;animation_mobile&quot;:&quot;fadeIn&quot;}\">\n\t\t\t\t\t<div class=\"e-con-inner\">\n\t\t\t\t<div class=\"elementor-element elementor-element-c594d48 elementor-widget__width-initial elementor-widget elementor-widget-image\" data-id=\"c594d48\" data-element_type=\"widget\" data-widget_type=\"image.default\">\n\t\t\t\t<div class=\"elementor-widget-container\">\n\t\t\t\t\t\t\t\t\t\t\t\t\t\t\t<img decoding=\"async\" width=\"1\" height=\"1\" src=\"https:\/\/marseillenapoli.com\/wp-content\/uploads\/2024\/12\/Photo36_33x.tif\" class=\"attachment-medium size-medium wp-image-552\" alt=\"\" \/>\t\t\t\t\t\t\t\t\t\t\t\t\t\t\t<\/div>\n\t\t\t\t<\/div>\n\t\t\t\t<div class=\"elementor-element elementor-element-786fff6 e-transform e-transform elementor-invisible elementor-widget elementor-widget-image\" data-id=\"786fff6\" data-element_type=\"widget\" data-settings=\"{&quot;_animation&quot;:&quot;fadeIn&quot;,&quot;_transform_scale_effect_hover&quot;:{&quot;unit&quot;:&quot;px&quot;,&quot;size&quot;:1.1,&quot;sizes&quot;:[]},&quot;_transform_scale_effect&quot;:{&quot;unit&quot;:&quot;px&quot;,&quot;size&quot;:&quot;&quot;,&quot;sizes&quot;:[]},&quot;_transform_scale_effect_tablet&quot;:{&quot;unit&quot;:&quot;px&quot;,&quot;size&quot;:&quot;&quot;,&quot;sizes&quot;:[]},&quot;_transform_scale_effect_mobile&quot;:{&quot;unit&quot;:&quot;px&quot;,&quot;size&quot;:&quot;&quot;,&quot;sizes&quot;:[]},&quot;_transform_scale_effect_hover_tablet&quot;:{&quot;unit&quot;:&quot;px&quot;,&quot;size&quot;:&quot;&quot;,&quot;sizes&quot;:[]},&quot;_transform_scale_effect_hover_mobile&quot;:{&quot;unit&quot;:&quot;px&quot;,&quot;size&quot;:&quot;&quot;,&quot;sizes&quot;:[]}}\" data-widget_type=\"image.default\">\n\t\t\t\t<div class=\"elementor-widget-container\">\n\t\t\t\t\t\t\t\t\t\t\t\t\t\t\t\t<a href=\"https:\/\/marseillenapoli.com\/\">\n\t\t\t\t\t\t\t<img fetchpriority=\"high\" decoding=\"async\" width=\"1024\" height=\"366\" src=\"https:\/\/marseillenapoli.com\/wp-content\/uploads\/2024\/12\/francais-1-1024x366.png\" class=\"attachment-large size-large wp-image-396\" alt=\"\" srcset=\"https:\/\/marseillenapoli.com\/wp-content\/uploads\/2024\/12\/francais-1-1024x366.png 1024w, https:\/\/marseillenapoli.com\/wp-content\/uploads\/2024\/12\/francais-1-300x107.png 300w, https:\/\/marseillenapoli.com\/wp-content\/uploads\/2024\/12\/francais-1-768x275.png 768w, https:\/\/marseillenapoli.com\/wp-content\/uploads\/2024\/12\/francais-1-1536x549.png 1536w, https:\/\/marseillenapoli.com\/wp-content\/uploads\/2024\/12\/francais-1.png 1994w\" sizes=\"(max-width: 1024px) 100vw, 1024px\" \/>\t\t\t\t\t\t\t\t<\/a>\n\t\t\t\t\t\t\t\t\t\t\t\t\t\t\t<\/div>\n\t\t\t\t<\/div>\n\t\t\t\t<div class=\"elementor-element elementor-element-f03ae7a e-transform elementor-invisible elementor-widget elementor-widget-image\" data-id=\"f03ae7a\" data-element_type=\"widget\" data-settings=\"{&quot;_animation&quot;:&quot;fadeIn&quot;,&quot;_transform_scale_effect_hover&quot;:{&quot;unit&quot;:&quot;px&quot;,&quot;size&quot;:1.1,&quot;sizes&quot;:[]},&quot;_transform_scale_effect_hover_tablet&quot;:{&quot;unit&quot;:&quot;px&quot;,&quot;size&quot;:&quot;&quot;,&quot;sizes&quot;:[]},&quot;_transform_scale_effect_hover_mobile&quot;:{&quot;unit&quot;:&quot;px&quot;,&quot;size&quot;:&quot;&quot;,&quot;sizes&quot;:[]}}\" data-widget_type=\"image.default\">\n\t\t\t\t<div class=\"elementor-widget-container\">\n\t\t\t\t\t\t\t\t\t\t\t\t\t\t\t<img decoding=\"async\" width=\"1024\" height=\"366\" src=\"https:\/\/marseillenapoli.com\/wp-content\/uploads\/2024\/12\/english-1024x366.png\" class=\"attachment-large size-large wp-image-336\" alt=\"\" srcset=\"https:\/\/marseillenapoli.com\/wp-content\/uploads\/2024\/12\/english-1024x366.png 1024w, https:\/\/marseillenapoli.com\/wp-content\/uploads\/2024\/12\/english-300x107.png 300w, https:\/\/marseillenapoli.com\/wp-content\/uploads\/2024\/12\/english-768x275.png 768w, https:\/\/marseillenapoli.com\/wp-content\/uploads\/2024\/12\/english-1536x549.png 1536w, https:\/\/marseillenapoli.com\/wp-content\/uploads\/2024\/12\/english.png 1994w\" sizes=\"(max-width: 1024px) 100vw, 1024px\" \/>\t\t\t\t\t\t\t\t\t\t\t\t\t\t\t<\/div>\n\t\t\t\t<\/div>\n\t\t\t\t\t<\/div>\n\t\t\t\t<\/div>\n\t\t<div class=\"elementor-element elementor-element-2263a32 e-grid e-con-boxed e-con e-parent\" data-id=\"2263a32\" data-element_type=\"container\">\n\t\t\t\t\t<div class=\"e-con-inner\">\n\t\t\t\t<div class=\"elementor-element elementor-element-f0cc949 e-transform e-transform elementor-invisible elementor-widget elementor-widget-image\" data-id=\"f0cc949\" data-element_type=\"widget\" data-settings=\"{&quot;_transform_scale_effect_hover&quot;:{&quot;unit&quot;:&quot;px&quot;,&quot;size&quot;:1.1,&quot;sizes&quot;:[]},&quot;_animation&quot;:&quot;fadeIn&quot;,&quot;_animation_mobile&quot;:&quot;fadeIn&quot;,&quot;_transform_scale_effect&quot;:{&quot;unit&quot;:&quot;px&quot;,&quot;size&quot;:&quot;&quot;,&quot;sizes&quot;:[]},&quot;_transform_scale_effect_tablet&quot;:{&quot;unit&quot;:&quot;px&quot;,&quot;size&quot;:&quot;&quot;,&quot;sizes&quot;:[]},&quot;_transform_scale_effect_mobile&quot;:{&quot;unit&quot;:&quot;px&quot;,&quot;size&quot;:&quot;&quot;,&quot;sizes&quot;:[]},&quot;_transform_scale_effect_hover_tablet&quot;:{&quot;unit&quot;:&quot;px&quot;,&quot;size&quot;:&quot;&quot;,&quot;sizes&quot;:[]},&quot;_transform_scale_effect_hover_mobile&quot;:{&quot;unit&quot;:&quot;px&quot;,&quot;size&quot;:&quot;&quot;,&quot;sizes&quot;:[]}}\" data-widget_type=\"image.default\">\n\t\t\t\t<div class=\"elementor-widget-container\">\n\t\t\t\t\t\t\t\t\t\t\t\t\t\t\t\t<a href=\"https:\/\/marseillenapoli.com\/\">\n\t\t\t\t\t\t\t<img loading=\"lazy\" decoding=\"async\" width=\"1000\" height=\"383\" src=\"https:\/\/marseillenapoli.com\/wp-content\/uploads\/2024\/12\/logo-blanc-4.png\" class=\"attachment-large size-large wp-image-155\" alt=\"\" srcset=\"https:\/\/marseillenapoli.com\/wp-content\/uploads\/2024\/12\/logo-blanc-4.png 1000w, https:\/\/marseillenapoli.com\/wp-content\/uploads\/2024\/12\/logo-blanc-4-300x115.png 300w, https:\/\/marseillenapoli.com\/wp-content\/uploads\/2024\/12\/logo-blanc-4-768x294.png 768w\" sizes=\"(max-width: 1000px) 100vw, 1000px\" \/>\t\t\t\t\t\t\t\t<\/a>\n\t\t\t\t\t\t\t\t\t\t\t\t\t\t\t<\/div>\n\t\t\t\t<\/div>\n\t\t\t\t\t<\/div>\n\t\t\t\t<\/div>\n\t\t<div class=\"elementor-element elementor-element-ad60640 e-grid e-con-boxed e-con e-parent\" data-id=\"ad60640\" data-element_type=\"container\" data-settings=\"{&quot;animation_mobile&quot;:&quot;fadeIn&quot;}\">\n\t\t\t\t\t<div class=\"e-con-inner\">\n\t\t\t\t<div class=\"elementor-element elementor-element-c6cb08c e-transform elementor-invisible elementor-widget elementor-widget-image\" data-id=\"c6cb08c\" data-element_type=\"widget\" data-settings=\"{&quot;_animation&quot;:&quot;fadeIn&quot;,&quot;_transform_scale_effect_hover&quot;:{&quot;unit&quot;:&quot;px&quot;,&quot;size&quot;:1.1,&quot;sizes&quot;:[]},&quot;_transform_scale_effect_hover_tablet&quot;:{&quot;unit&quot;:&quot;px&quot;,&quot;size&quot;:&quot;&quot;,&quot;sizes&quot;:[]},&quot;_transform_scale_effect_hover_mobile&quot;:{&quot;unit&quot;:&quot;px&quot;,&quot;size&quot;:&quot;&quot;,&quot;sizes&quot;:[]}}\" data-widget_type=\"image.default\">\n\t\t\t\t<div class=\"elementor-widget-container\">\n\t\t\t\t\t\t\t\t\t\t\t\t\t\t\t\t<a href=\"https:\/\/marseillenapoli.com\/?page_id=721\">\n\t\t\t\t\t\t\t<img loading=\"lazy\" decoding=\"async\" width=\"1024\" height=\"263\" src=\"https:\/\/marseillenapoli.com\/wp-content\/uploads\/2025\/01\/registrazione-1024x263.png\" class=\"attachment-large size-large wp-image-742\" alt=\"\" srcset=\"https:\/\/marseillenapoli.com\/wp-content\/uploads\/2025\/01\/registrazione-1024x263.png 1024w, https:\/\/marseillenapoli.com\/wp-content\/uploads\/2025\/01\/registrazione-300x77.png 300w, https:\/\/marseillenapoli.com\/wp-content\/uploads\/2025\/01\/registrazione-768x197.png 768w, https:\/\/marseillenapoli.com\/wp-content\/uploads\/2025\/01\/registrazione-1536x395.png 1536w, https:\/\/marseillenapoli.com\/wp-content\/uploads\/2025\/01\/registrazione-2048x527.png 2048w\" sizes=\"(max-width: 1024px) 100vw, 1024px\" \/>\t\t\t\t\t\t\t\t<\/a>\n\t\t\t\t\t\t\t\t\t\t\t\t\t\t\t<\/div>\n\t\t\t\t<\/div>\n\t\t\t\t<div class=\"elementor-element elementor-element-dbe5cfc e-transform e-transform elementor-invisible elementor-widget elementor-widget-image\" data-id=\"dbe5cfc\" data-element_type=\"widget\" data-settings=\"{&quot;_animation&quot;:&quot;fadeIn&quot;,&quot;_transform_scale_effect_hover&quot;:{&quot;unit&quot;:&quot;px&quot;,&quot;size&quot;:1.1,&quot;sizes&quot;:[]},&quot;_transform_skewX_effect_hover&quot;:{&quot;unit&quot;:&quot;px&quot;,&quot;size&quot;:0,&quot;sizes&quot;:[]},&quot;_transform_skewY_effect_hover&quot;:{&quot;unit&quot;:&quot;px&quot;,&quot;size&quot;:0,&quot;sizes&quot;:[]},&quot;_transform_scale_effect_hover_tablet&quot;:{&quot;unit&quot;:&quot;px&quot;,&quot;size&quot;:&quot;&quot;,&quot;sizes&quot;:[]},&quot;_transform_scale_effect_hover_mobile&quot;:{&quot;unit&quot;:&quot;px&quot;,&quot;size&quot;:&quot;&quot;,&quot;sizes&quot;:[]},&quot;_transform_skewX_effect_hover_tablet&quot;:{&quot;unit&quot;:&quot;deg&quot;,&quot;size&quot;:&quot;&quot;,&quot;sizes&quot;:[]},&quot;_transform_skewX_effect_hover_mobile&quot;:{&quot;unit&quot;:&quot;deg&quot;,&quot;size&quot;:&quot;&quot;,&quot;sizes&quot;:[]},&quot;_transform_skewY_effect_hover_tablet&quot;:{&quot;unit&quot;:&quot;deg&quot;,&quot;size&quot;:&quot;&quot;,&quot;sizes&quot;:[]},&quot;_transform_skewY_effect_hover_mobile&quot;:{&quot;unit&quot;:&quot;deg&quot;,&quot;size&quot;:&quot;&quot;,&quot;sizes&quot;:[]}}\" data-widget_type=\"image.default\">\n\t\t\t\t<div class=\"elementor-widget-container\">\n\t\t\t\t\t\t\t\t\t\t\t\t\t\t\t\t<a href=\"https:\/\/marseillenapoli.com\/?page_id=727\">\n\t\t\t\t\t\t\t<img loading=\"lazy\" decoding=\"async\" width=\"1024\" height=\"305\" src=\"https:\/\/marseillenapoli.com\/wp-content\/uploads\/2026\/01\/la-corsa-1024x305.png\" class=\"attachment-large size-large wp-image-1182\" alt=\"\" srcset=\"https:\/\/marseillenapoli.com\/wp-content\/uploads\/2026\/01\/la-corsa-1024x305.png 1024w, https:\/\/marseillenapoli.com\/wp-content\/uploads\/2026\/01\/la-corsa-300x89.png 300w, https:\/\/marseillenapoli.com\/wp-content\/uploads\/2026\/01\/la-corsa-768x229.png 768w, https:\/\/marseillenapoli.com\/wp-content\/uploads\/2026\/01\/la-corsa-1536x458.png 1536w, https:\/\/marseillenapoli.com\/wp-content\/uploads\/2026\/01\/la-corsa.png 1698w\" sizes=\"(max-width: 1024px) 100vw, 1024px\" \/>\t\t\t\t\t\t\t\t<\/a>\n\t\t\t\t\t\t\t\t\t\t\t\t\t\t\t<\/div>\n\t\t\t\t<\/div>\n\t\t\t\t\t<\/div>\n\t\t\t\t<\/div>\n\t\t<div class=\"elementor-element elementor-element-8697d88 e-flex e-con-boxed e-con e-parent\" data-id=\"8697d88\" data-element_type=\"container\">\n\t\t\t\t\t<div class=\"e-con-inner\">\n\t\t\t\t<div class=\"elementor-element elementor-element-2a73e5b elementor-invisible elementor-widget elementor-widget-text-editor\" data-id=\"2a73e5b\" data-element_type=\"widget\" data-settings=\"{&quot;_animation&quot;:&quot;fadeIn&quot;}\" data-widget_type=\"text-editor.default\">\n\t\t\t\t<div class=\"elementor-widget-container\">\n\t\t\t\t\t\t\t\t\t<p style=\"text-align: center;\" data-start=\"34\" data-end=\"108\"><strong data-start=\"34\" data-end=\"54\">Marseille\u2013Napoli<\/strong> \u00e8 una sfida ciclistica di ultradistanza in autonomia.<\/p><p style=\"text-align: center;\" data-start=\"110\" data-end=\"170\">La corsa collega due delle pi\u00f9 belle citt\u00e0 del Mediterraneo.<\/p><p style=\"text-align: center;\" data-start=\"172\" data-end=\"203\">Percorso comune di <strong data-start=\"191\" data-end=\"202\">1400 km<\/strong>.<\/p><p style=\"text-align: center;\" data-start=\"205\" data-end=\"245\"><strong data-start=\"205\" data-end=\"244\">15.000 metri di dislivello positivo<\/strong>.<\/p><p style=\"text-align: center;\" data-start=\"247\" data-end=\"287\">Iscrizione <strong data-start=\"258\" data-end=\"286\">in solitaria o in coppia<\/strong>.<\/p><p style=\"text-align: center;\" data-start=\"289\" data-end=\"331\">Partenza il <strong data-start=\"301\" data-end=\"330\">27 settembre da Marsiglia<\/strong>.<\/p><p style=\"text-align: center;\" data-start=\"333\" data-end=\"380\" data-is-last-node=\"\" data-is-only-node=\"\">Arrivo massimo entro il <strong data-start=\"357\" data-end=\"379\">4 ottobre a Napoli<\/strong>.<\/p>\t\t\t\t\t\t\t\t<\/div>\n\t\t\t\t<\/div>\n\t\t\t\t\t<\/div>\n\t\t\t\t<\/div>\n\t\t<div class=\"elementor-element elementor-element-dac892d e-flex e-con-boxed e-con e-parent\" data-id=\"dac892d\" data-element_type=\"container\">\n\t\t\t\t\t<div class=\"e-con-inner\">\n\t\t\t\t<div class=\"elementor-element elementor-element-6129ce5 e-transform elementor-invisible elementor-widget elementor-widget-image\" data-id=\"6129ce5\" data-element_type=\"widget\" data-settings=\"{&quot;_animation&quot;:&quot;fadeIn&quot;,&quot;_transform_scale_effect_hover&quot;:{&quot;unit&quot;:&quot;px&quot;,&quot;size&quot;:1.2,&quot;sizes&quot;:[]},&quot;_transform_scale_effect_hover_tablet&quot;:{&quot;unit&quot;:&quot;px&quot;,&quot;size&quot;:&quot;&quot;,&quot;sizes&quot;:[]},&quot;_transform_scale_effect_hover_mobile&quot;:{&quot;unit&quot;:&quot;px&quot;,&quot;size&quot;:&quot;&quot;,&quot;sizes&quot;:[]}}\" data-widget_type=\"image.default\">\n\t\t\t\t<div class=\"elementor-widget-container\">\n\t\t\t\t\t\t\t\t\t\t\t\t\t\t\t<img loading=\"lazy\" decoding=\"async\" width=\"1024\" height=\"743\" src=\"https:\/\/marseillenapoli.com\/wp-content\/uploads\/2026\/01\/velojojo-1024x743.png\" class=\"attachment-large size-large wp-image-1095\" alt=\"\" srcset=\"https:\/\/marseillenapoli.com\/wp-content\/uploads\/2026\/01\/velojojo-1024x743.png 1024w, https:\/\/marseillenapoli.com\/wp-content\/uploads\/2026\/01\/velojojo-300x218.png 300w, https:\/\/marseillenapoli.com\/wp-content\/uploads\/2026\/01\/velojojo-768x558.png 768w, https:\/\/marseillenapoli.com\/wp-content\/uploads\/2026\/01\/velojojo.png 1080w\" sizes=\"(max-width: 1024px) 100vw, 1024px\" \/>\t\t\t\t\t\t\t\t\t\t\t\t\t\t\t<\/div>\n\t\t\t\t<\/div>\n\t\t\t\t<div class=\"elementor-element elementor-element-71f4734 e-transform elementor-widget elementor-widget-image\" data-id=\"71f4734\" data-element_type=\"widget\" data-settings=\"{&quot;_transform_scale_effect_hover&quot;:{&quot;unit&quot;:&quot;px&quot;,&quot;size&quot;:1.1,&quot;sizes&quot;:[]},&quot;_transform_scale_effect_hover_tablet&quot;:{&quot;unit&quot;:&quot;px&quot;,&quot;size&quot;:&quot;&quot;,&quot;sizes&quot;:[]},&quot;_transform_scale_effect_hover_mobile&quot;:{&quot;unit&quot;:&quot;px&quot;,&quot;size&quot;:&quot;&quot;,&quot;sizes&quot;:[]}}\" data-widget_type=\"image.default\">\n\t\t\t\t<div class=\"elementor-widget-container\">\n\t\t\t\t\t\t\t\t\t\t\t\t\t\t\t\t<a href=\"https:\/\/marseillenapoli.com\/?page_id=721\">\n\t\t\t\t\t\t\t<img loading=\"lazy\" decoding=\"async\" width=\"1024\" height=\"263\" src=\"https:\/\/marseillenapoli.com\/wp-content\/uploads\/2025\/01\/registrazione-1024x263.png\" class=\"attachment-large size-large wp-image-742\" alt=\"\" srcset=\"https:\/\/marseillenapoli.com\/wp-content\/uploads\/2025\/01\/registrazione-1024x263.png 1024w, https:\/\/marseillenapoli.com\/wp-content\/uploads\/2025\/01\/registrazione-300x77.png 300w, https:\/\/marseillenapoli.com\/wp-content\/uploads\/2025\/01\/registrazione-768x197.png 768w, https:\/\/marseillenapoli.com\/wp-content\/uploads\/2025\/01\/registrazione-1536x395.png 1536w, https:\/\/marseillenapoli.com\/wp-content\/uploads\/2025\/01\/registrazione-2048x527.png 2048w\" sizes=\"(max-width: 1024px) 100vw, 1024px\" \/>\t\t\t\t\t\t\t\t<\/a>\n\t\t\t\t\t\t\t\t\t\t\t\t\t\t\t<\/div>\n\t\t\t\t<\/div>\n\t\t\t\t\t<\/div>\n\t\t\t\t<\/div>\n\t\t<div class=\"elementor-element elementor-element-3b32b38 e-grid e-con-boxed e-con e-parent\" data-id=\"3b32b38\" data-element_type=\"container\">\n\t\t\t\t\t<div class=\"e-con-inner\">\n\t\t\t\t<div class=\"elementor-element elementor-element-4edd61d e-transform elementor-widget elementor-widget-image\" data-id=\"4edd61d\" data-element_type=\"widget\" data-settings=\"{&quot;_transform_scale_effect_hover&quot;:{&quot;unit&quot;:&quot;px&quot;,&quot;size&quot;:1.1,&quot;sizes&quot;:[]},&quot;_transform_scale_effect_hover_tablet&quot;:{&quot;unit&quot;:&quot;px&quot;,&quot;size&quot;:&quot;&quot;,&quot;sizes&quot;:[]},&quot;_transform_scale_effect_hover_mobile&quot;:{&quot;unit&quot;:&quot;px&quot;,&quot;size&quot;:&quot;&quot;,&quot;sizes&quot;:[]}}\" data-widget_type=\"image.default\">\n\t\t\t\t<div class=\"elementor-widget-container\">\n\t\t\t\t\t\t\t\t\t\t\t\t\t\t\t\t<a href=\"https:\/\/marseillenapoli.com\/?page_id=869\">\n\t\t\t\t\t\t\t<img loading=\"lazy\" decoding=\"async\" width=\"1024\" height=\"276\" src=\"https:\/\/marseillenapoli.com\/wp-content\/uploads\/2025\/01\/partenaires-1024x276.png\" class=\"attachment-large size-large wp-image-750\" alt=\"\" srcset=\"https:\/\/marseillenapoli.com\/wp-content\/uploads\/2025\/01\/partenaires-1024x276.png 1024w, https:\/\/marseillenapoli.com\/wp-content\/uploads\/2025\/01\/partenaires-300x81.png 300w, https:\/\/marseillenapoli.com\/wp-content\/uploads\/2025\/01\/partenaires-768x207.png 768w, https:\/\/marseillenapoli.com\/wp-content\/uploads\/2025\/01\/partenaires-1536x414.png 1536w, https:\/\/marseillenapoli.com\/wp-content\/uploads\/2025\/01\/partenaires.png 1716w\" sizes=\"(max-width: 1024px) 100vw, 1024px\" \/>\t\t\t\t\t\t\t\t<\/a>\n\t\t\t\t\t\t\t\t\t\t\t\t\t\t\t<\/div>\n\t\t\t\t<\/div>\n\t\t\t\t<div class=\"elementor-element elementor-element-9f0a82c e-transform elementor-widget elementor-widget-image\" data-id=\"9f0a82c\" data-element_type=\"widget\" data-settings=\"{&quot;_transform_scale_effect_hover&quot;:{&quot;unit&quot;:&quot;px&quot;,&quot;size&quot;:1.1,&quot;sizes&quot;:[]},&quot;_transform_scale_effect_hover_tablet&quot;:{&quot;unit&quot;:&quot;px&quot;,&quot;size&quot;:&quot;&quot;,&quot;sizes&quot;:[]},&quot;_transform_scale_effect_hover_mobile&quot;:{&quot;unit&quot;:&quot;px&quot;,&quot;size&quot;:&quot;&quot;,&quot;sizes&quot;:[]}}\" data-widget_type=\"image.default\">\n\t\t\t\t<div class=\"elementor-widget-container\">\n\t\t\t\t\t\t\t\t\t\t\t\t\t\t\t\t<a href=\"https:\/\/www.instagram.com\/marseille.napoli\/?hl=fr\">\n\t\t\t\t\t\t\t<img loading=\"lazy\" decoding=\"async\" width=\"611\" height=\"611\" src=\"https:\/\/marseillenapoli.com\/wp-content\/uploads\/2024\/12\/insta.png\" class=\"attachment-large size-large wp-image-348\" alt=\"\" srcset=\"https:\/\/marseillenapoli.com\/wp-content\/uploads\/2024\/12\/insta.png 611w, https:\/\/marseillenapoli.com\/wp-content\/uploads\/2024\/12\/insta-300x300.png 300w, https:\/\/marseillenapoli.com\/wp-content\/uploads\/2024\/12\/insta-150x150.png 150w\" sizes=\"(max-width: 611px) 100vw, 611px\" \/>\t\t\t\t\t\t\t\t<\/a>\n\t\t\t\t\t\t\t\t\t\t\t\t\t\t\t<\/div>\n\t\t\t\t<\/div>\n\t\t\t\t<div class=\"elementor-element elementor-element-1c44567 e-transform elementor-widget elementor-widget-image\" data-id=\"1c44567\" data-element_type=\"widget\" data-settings=\"{&quot;_transform_scale_effect_hover&quot;:{&quot;unit&quot;:&quot;px&quot;,&quot;size&quot;:1.1,&quot;sizes&quot;:[]},&quot;_transform_scale_effect_hover_tablet&quot;:{&quot;unit&quot;:&quot;px&quot;,&quot;size&quot;:&quot;&quot;,&quot;sizes&quot;:[]},&quot;_transform_scale_effect_hover_mobile&quot;:{&quot;unit&quot;:&quot;px&quot;,&quot;size&quot;:&quot;&quot;,&quot;sizes&quot;:[]}}\" data-widget_type=\"image.default\">\n\t\t\t\t<div class=\"elementor-widget-container\">\n\t\t\t\t\t\t\t\t\t\t\t\t\t\t\t\t<a href=\"https:\/\/www.youtube.com\/@ClubUltracyclisteMarseillais\">\n\t\t\t\t\t\t\t<img loading=\"lazy\" decoding=\"async\" width=\"611\" height=\"611\" src=\"https:\/\/marseillenapoli.com\/wp-content\/uploads\/2024\/12\/youtube-logo.png\" class=\"attachment-large size-large wp-image-346\" alt=\"\" srcset=\"https:\/\/marseillenapoli.com\/wp-content\/uploads\/2024\/12\/youtube-logo.png 611w, https:\/\/marseillenapoli.com\/wp-content\/uploads\/2024\/12\/youtube-logo-300x300.png 300w, https:\/\/marseillenapoli.com\/wp-content\/uploads\/2024\/12\/youtube-logo-150x150.png 150w\" sizes=\"(max-width: 611px) 100vw, 611px\" \/>\t\t\t\t\t\t\t\t<\/a>\n\t\t\t\t\t\t\t\t\t\t\t\t\t\t\t<\/div>\n\t\t\t\t<\/div>\n\t\t\t\t<div class=\"elementor-element elementor-element-f8ea0a4 e-transform elementor-widget elementor-widget-image\" data-id=\"f8ea0a4\" data-element_type=\"widget\" data-settings=\"{&quot;_transform_scale_effect_hover&quot;:{&quot;unit&quot;:&quot;px&quot;,&quot;size&quot;:1.1,&quot;sizes&quot;:[]},&quot;_transform_scale_effect_hover_tablet&quot;:{&quot;unit&quot;:&quot;px&quot;,&quot;size&quot;:&quot;&quot;,&quot;sizes&quot;:[]},&quot;_transform_scale_effect_hover_mobile&quot;:{&quot;unit&quot;:&quot;px&quot;,&quot;size&quot;:&quot;&quot;,&quot;sizes&quot;:[]}}\" data-widget_type=\"image.default\">\n\t\t\t\t<div class=\"elementor-widget-container\">\n\t\t\t\t\t\t\t\t\t\t\t\t\t\t\t\t<a href=\"mailto:contact@marseillenapoli.com\">\n\t\t\t\t\t\t\t<img loading=\"lazy\" decoding=\"async\" width=\"1024\" height=\"381\" src=\"https:\/\/marseillenapoli.com\/wp-content\/uploads\/2024\/12\/contact-1-1024x381.png\" class=\"attachment-large size-large wp-image-177\" alt=\"\" srcset=\"https:\/\/marseillenapoli.com\/wp-content\/uploads\/2024\/12\/contact-1-1024x381.png 1024w, https:\/\/marseillenapoli.com\/wp-content\/uploads\/2024\/12\/contact-1-300x112.png 300w, https:\/\/marseillenapoli.com\/wp-content\/uploads\/2024\/12\/contact-1-768x286.png 768w, https:\/\/marseillenapoli.com\/wp-content\/uploads\/2024\/12\/contact-1-1536x572.png 1536w, https:\/\/marseillenapoli.com\/wp-content\/uploads\/2024\/12\/contact-1-2048x762.png 2048w\" sizes=\"(max-width: 1024px) 100vw, 1024px\" \/>\t\t\t\t\t\t\t\t<\/a>\n\t\t\t\t\t\t\t\t\t\t\t\t\t\t\t<\/div>\n\t\t\t\t<\/div>\n\t\t\t\t\t<\/div>\n\t\t\t\t<\/div>\n\t\t\t\t<\/div>\n\t\t","protected":false},"excerpt":{"rendered":"<p>Marseille\u2013Napoli \u00e8 una sfida ciclistica di ultradistanza in autonomia. La corsa collega due delle pi\u00f9 belle citt\u00e0 del Mediterraneo. Percorso comune di 1400 km. 15.000 metri di dislivello positivo. Iscrizione in solitaria o in coppia. Partenza il 27 settembre da Marsiglia. Arrivo massimo entro il 4 ottobre a Napoli.<\/p>\n","protected":false},"author":1,"featured_media":0,"parent":0,"menu_order":0,"comment_status":"closed","ping_status":"closed","template":"blank","meta":{"footnotes":""},"class_list":["post-1180","page","type-page","status-publish","hentry"],"_links":{"self":[{"href":"https:\/\/marseillenapoli.com\/index.php?rest_route=\/wp\/v2\/pages\/1180","targetHints":{"allow":["GET"]}}],"collection":[{"href":"https:\/\/marseillenapoli.com\/index.php?rest_route=\/wp\/v2\/pages"}],"about":[{"href":"https:\/\/marseillenapoli.com\/index.php?rest_route=\/wp\/v2\/types\/page"}],"author":[{"embeddable":true,"href":"https:\/\/marseillenapoli.com\/index.php?rest_route=\/wp\/v2\/users\/1"}],"replies":[{"embeddable":true,"href":"https:\/\/marseillenapoli.com\/index.php?rest_route=%2Fwp%2Fv2%2Fcomments&post=1180"}],"version-history":[{"count":4,"href":"https:\/\/marseillenapoli.com\/index.php?rest_route=\/wp\/v2\/pages\/1180\/revisions"}],"predecessor-version":[{"id":1185,"href":"https:\/\/marseillenapoli.com\/index.php?rest_route=\/wp\/v2\/pages\/1180\/revisions\/1185"}],"wp:attachment":[{"href":"https:\/\/marseillenapoli.com\/index.php?rest_route=%2Fwp%2Fv2%2Fmedia&parent=1180"}],"curies":[{"name":"wp","href":"https:\/\/api.w.org\/{rel}","templated":true}]}}